{"id":7067,"date":"2020-08-01T09:00:08","date_gmt":"2020-08-01T14:00:08","guid":{"rendered":"https:\/\/marazul.com.pa\/privacy-policy\/"},"modified":"2020-09-26T10:02:22","modified_gmt":"2020-09-26T15:02:22","slug":"privacy-policy","status":"publish","type":"page","link":"https:\/\/marazul.com.pa\/en\/privacy-policy\/","title":{"rendered":"privacy policy"},"content":{"rendered":"\t<section class=\"section\" id=\"section_1826927307\">\n\t\t<div class=\"bg section-bg fill bg-fill bg-loaded bg-loaded\" >\n\n\t\t\t\n\t\t\t\n\t\t\t\n\n\t\t<\/div>\n\n\t\t\n\n\t\t<div class=\"section-content relative\">\n\t\t\t\n<div class=\"row\"  id=\"row-1220868689\">\n\n\t<div id=\"col-1200070794\" class=\"col small-12 large-12\"  >\n\t\t\t\t<div class=\"col-inner text-left\"  >\n\t\t\t\n\t\t\t\n<h1><span style=\"font-size: 150%;\" data-text-color=\"primary\">Privacy Policy<\/span><\/h1>\n<p><span style=\"font-size: 120%;\" data-text-color=\"primary\"><strong>About us?<\/strong><\/span><\/p>\n<p><span data-text-color=\"primary\">Our website address is:\u00a0<a href=\"https:\/\/marazul.com.pa\/en\/\" target=\"_blank\" rel=\"noopener noreferrer\" data-saferedirecturl=\"https:\/\/www.google.com\/url?q=https:\/\/marazul.com.pa\/en\/&amp;source=gmail&amp;ust=1598497684366000&amp;usg=AFQjCNGTf8oEfTxFB61nPXbRGoJjyj6K9g\">https:\/\/marazul.com.pa<\/a>.\u00a0\u00a0<\/span><\/p>\n<p><span style=\"font-size: 120%;\" data-text-color=\"primary\"><strong>What personal data do we collect and why do we collect it?<\/strong><\/span><\/p>\n<p><span data-text-color=\"primary\"><strong>Comments and contact forms<\/strong><\/span><\/p>\n<p><span data-text-color=\"primary\">When visitors leave comments on the web, we collect the data shown in the comment form, including any document that is uploaded to it such as .PDF or images with personal information, as well as the visitor&#8217;s IP address and the chain of agents browser user name to help detect spam.<\/span><\/p>\n<p><span data-text-color=\"primary\">An anonymous string created from your email address (also called hash) can be provided to the Gravatar service to see if you are using it. The privacy policy of the Gravatar service is available here:\u00a0<a href=\"https:\/\/automattic.com\/privacy\/\" target=\"_blank\" rel=\"noopener noreferrer\" data-saferedirecturl=\"https:\/\/www.google.com\/url?q=https:\/\/automattic.com\/privacy\/&amp;source=gmail&amp;ust=1598497684366000&amp;usg=AFQjCNH7sF5TFDelFapIEEbNiZgT_epajA\">https:\/\/automattic.com\/<wbr \/>privacy\/<\/a>. After approval of your comment, your profile image is visible to the public in the context of your comment.<\/span><\/p>\n<p><span data-text-color=\"primary\">We also make use of certain API keys to provide specific characteristics. These API keys can include the following third-party services: Google Maps, CRM Analytics and Procore (API key, authentication URL, and client password).<\/span><\/p>\n<p><span data-text-color=\"primary\">All information (data) is stored in the local database indefinitely, unless it is deleted.<\/span><\/p>\n<p><span data-text-color=\"primary\"><strong>Cookies in contact forms<\/strong><\/span><\/p>\n<p><span data-text-color=\"primary\">If you leave a comment on our site you can choose to save your name, email address and website in cookies. This is for your convenience, so you don&#8217;t have to fill in your details again when you leave another comment. These cookies will last for one year.<\/span><\/p>\n<p><span data-text-color=\"primary\">If you have an account and you connect to this site, we will install a temporary cookie to determine if your browser accepts cookies. This cookie does not contain personal data and is deleted when the browser is closed.<\/span><\/p>\n<p><span data-text-color=\"primary\">When you log in, we will also install several cookies to save your login information and your screen display options. Access cookies last two days, and screen options cookies last one year. If you select &#8220;Remember me&#8221;, your access will last for two weeks. If you log out of your account, the access cookies will be deleted.<\/span><\/p>\n<p><span data-text-color=\"primary\"><strong><span style=\"font-size: 120%;\">Embedded content from other websites<\/span><\/strong><\/span><\/p>\n<p><span data-text-color=\"primary\">Articles on this site may include embedded content (for example, videos, images, articles, etc.). Embedded content from other websites behaves in exactly the same way as if the visitor had visited the other website.<\/span><\/p>\n<p><span data-text-color=\"primary\">These websites may collect data about you, use cookies, embed additional third-party tracking, and monitor your interaction with that embedded content, including tracking your interaction with embedded content if you have an account and are connected to that website.<\/span><\/p>\n<p><span data-text-color=\"primary\"><strong><span style=\"font-size: 120%;\">Analytics<\/span><\/strong><\/span><\/p>\n<p><span data-text-color=\"primary\"><strong>With whom do we share your data and for how long do we keep your data?<\/strong><\/span><\/p>\n<p><span data-text-color=\"primary\">If you leave a comment, the comment and its metadata are kept indefinitely. This is so that we can recognize and approve subsequent comments automatically, instead of keeping them in a moderation queue.<\/span><\/p>\n<p><span data-text-color=\"primary\">Of the visitors who register on our website (if any), we also store the personal information that they provide in their visitor profile. All visitors can request to view, edit or delete their personal information at any time (except that they cannot change their username). Website administrators can also view and edit this information.<\/span><\/p>\n<p><span data-text-color=\"primary\"><strong><span style=\"font-size: 120%;\">What rights do you have over your data?<\/span><\/strong><\/span><\/p>\n<p><span data-text-color=\"primary\">If you have an account or have left comments on this website, you can request to receive an export file of the personal data we have about you, including any data that you have provided us. You can also request that we delete any personal data we hold about you. This does not include any data that we are obliged to keep for administrative, legal or security purposes.<\/span><\/p>\n<p><span data-text-color=\"primary\"><strong><span style=\"font-size: 120%;\">Our contact information<\/span><\/strong><\/span><\/p>\n<p><span data-text-color=\"primary\">You can write to us at\u00a0<a href=\"mailto:info@eshighpotential.com\" target=\"_blank\" rel=\"noopener noreferrer\">marazul1@marazul.com.pa<\/a>\u00a0or use the contact form included on our website.<\/span><\/p>\n<p><span style=\"font-size: 120%;\" data-text-color=\"primary\"><strong>From which third parties do we receive data?<\/strong><\/span><\/p>\n<p><span data-text-color=\"primary\">Our website does not receive or share data with third parties nor does it have advertisers.<\/span><\/p>\n<p><span data-text-color=\"primary\"><strong><span style=\"font-size: 120%;\">What kind of automated decision-making and \/ or profiling do we do with visitor data?<\/span><\/strong><\/span><\/p>\n<p><span data-text-color=\"primary\">Our website does not have services that include automated decision making, such as allowing customers to request credit or add their data in an advertising profile.<\/span><\/p>\n<p><span data-text-color=\"primary\"><strong><span style=\"font-size: 120%;\">Additional regulatory information disclosure requirements<\/span><\/strong><\/span><\/p>\n<p><span data-text-color=\"primary\">All laws associated with the issue of privacy in the Republic of Panama apply.<\/span><\/p>\n\t\t<\/div>\n\t\t\t\t\t<\/div>\n\n\t\n<\/div>\n\t\t<\/div>\n\n\t\t\n<style>\n#section_1826927307 {\n  padding-top: 30px;\n  padding-bottom: 30px;\n}\n<\/style>\n\t<\/section>\n\t\n","protected":false},"excerpt":{"rendered":"","protected":false},"author":11,"featured_media":0,"parent":0,"menu_order":0,"comment_status":"closed","ping_status":"closed","template":"page-blank.php","meta":{"footnotes":""},"class_list":["post-7067","page","type-page","status-publish","hentry"],"yoast_head":"<!-- This site is optimized with the Yoast SEO plugin v27.2 - https:\/\/yoast.com\/product\/yoast-seo-wordpress\/ -->\n<title>privacy policy - Mar Azul | Project Management<\/title>\n<meta name=\"description\" content=\"Somos una firma de consultor\u00eda especializada en gerencia e interventor\u00eda de proyectos de construcci\u00f3n.\" \/>\n<meta name=\"robots\" content=\"index, follow, max-snippet:-1, max-image-preview:large, max-video-preview:-1\" \/>\n<link rel=\"canonical\" href=\"https:\/\/marazul.com.pa\/en\/privacy-policy\/\" \/>\n<meta property=\"og:locale\" content=\"en_US\" \/>\n<meta property=\"og:type\" content=\"article\" \/>\n<meta property=\"og:title\" content=\"privacy policy - Mar Azul | Project Management\" \/>\n<meta property=\"og:description\" content=\"Somos una firma de consultor\u00eda especializada en gerencia e interventor\u00eda de proyectos de construcci\u00f3n.\" \/>\n<meta property=\"og:url\" content=\"https:\/\/marazul.com.pa\/en\/privacy-policy\/\" \/>\n<meta property=\"og:site_name\" content=\"Mar Azul | Project Management\" \/>\n<meta property=\"article:publisher\" content=\"https:\/\/www.facebook.com\/ProyectosMarazul\/\" \/>\n<meta property=\"article:modified_time\" content=\"2020-09-26T15:02:22+00:00\" \/>\n<meta name=\"twitter:card\" content=\"summary_large_image\" \/>\n<meta name=\"twitter:label1\" content=\"Est. reading time\" \/>\n\t<meta name=\"twitter:data1\" content=\"4 minutes\" \/>\n<script type=\"application\/ld+json\" class=\"yoast-schema-graph\">{\"@context\":\"https:\/\/schema.org\",\"@graph\":[{\"@type\":\"WebPage\",\"@id\":\"https:\/\/marazul.com.pa\/en\/privacy-policy\/\",\"url\":\"https:\/\/marazul.com.pa\/en\/privacy-policy\/\",\"name\":\"privacy policy - Mar Azul | Project Management\",\"isPartOf\":{\"@id\":\"https:\/\/marazul.com.pa\/en\/#website\"},\"datePublished\":\"2020-08-01T14:00:08+00:00\",\"dateModified\":\"2020-09-26T15:02:22+00:00\",\"description\":\"Somos una firma de consultor\u00eda especializada en gerencia e interventor\u00eda de proyectos de construcci\u00f3n.\",\"breadcrumb\":{\"@id\":\"https:\/\/marazul.com.pa\/en\/privacy-policy\/#breadcrumb\"},\"inLanguage\":\"en-US\",\"potentialAction\":[{\"@type\":\"ReadAction\",\"target\":[\"https:\/\/marazul.com.pa\/en\/privacy-policy\/\"]}]},{\"@type\":\"BreadcrumbList\",\"@id\":\"https:\/\/marazul.com.pa\/en\/privacy-policy\/#breadcrumb\",\"itemListElement\":[{\"@type\":\"ListItem\",\"position\":1,\"name\":\"Portada\",\"item\":\"https:\/\/marazul.com.pa\/en\/\"},{\"@type\":\"ListItem\",\"position\":2,\"name\":\"privacy policy\"}]},{\"@type\":\"WebSite\",\"@id\":\"https:\/\/marazul.com.pa\/en\/#website\",\"url\":\"https:\/\/marazul.com.pa\/en\/\",\"name\":\"Mar Azul | Project Management\",\"description\":\"Consultor\u00eda especializada en gerencia e interventor\u00eda de proyectos de construcci\u00f3n.\",\"publisher\":{\"@id\":\"https:\/\/marazul.com.pa\/en\/#organization\"},\"potentialAction\":[{\"@type\":\"SearchAction\",\"target\":{\"@type\":\"EntryPoint\",\"urlTemplate\":\"https:\/\/marazul.com.pa\/en\/?s={search_term_string}\"},\"query-input\":{\"@type\":\"PropertyValueSpecification\",\"valueRequired\":true,\"valueName\":\"search_term_string\"}}],\"inLanguage\":\"en-US\"},{\"@type\":\"Organization\",\"@id\":\"https:\/\/marazul.com.pa\/en\/#organization\",\"name\":\"Mar Azul\",\"url\":\"https:\/\/marazul.com.pa\/en\/\",\"logo\":{\"@type\":\"ImageObject\",\"inLanguage\":\"en-US\",\"@id\":\"https:\/\/marazul.com.pa\/en\/#\/schema\/logo\/image\/\",\"url\":\"\",\"contentUrl\":\"\",\"caption\":\"Mar Azul\"},\"image\":{\"@id\":\"https:\/\/marazul.com.pa\/en\/#\/schema\/logo\/image\/\"},\"sameAs\":[\"https:\/\/www.facebook.com\/ProyectosMarazul\/\",\"https:\/\/www.instagram.com\/marazulpm\/\",\"https:\/\/www.linkedin.com\/company\/proyectos-mar-azul-s-a-\/\"]}]}<\/script>\n<!-- \/ Yoast SEO plugin. -->","yoast_head_json":{"title":"privacy policy - Mar Azul | Project Management","description":"Somos una firma de consultor\u00eda especializada en gerencia e interventor\u00eda de proyectos de construcci\u00f3n.","robots":{"index":"index","follow":"follow","max-snippet":"max-snippet:-1","max-image-preview":"max-image-preview:large","max-video-preview":"max-video-preview:-1"},"canonical":"https:\/\/marazul.com.pa\/en\/privacy-policy\/","og_locale":"en_US","og_type":"article","og_title":"privacy policy - Mar Azul | Project Management","og_description":"Somos una firma de consultor\u00eda especializada en gerencia e interventor\u00eda de proyectos de construcci\u00f3n.","og_url":"https:\/\/marazul.com.pa\/en\/privacy-policy\/","og_site_name":"Mar Azul | Project Management","article_publisher":"https:\/\/www.facebook.com\/ProyectosMarazul\/","article_modified_time":"2020-09-26T15:02:22+00:00","twitter_card":"summary_large_image","twitter_misc":{"Est. reading time":"4 minutes"},"schema":{"@context":"https:\/\/schema.org","@graph":[{"@type":"WebPage","@id":"https:\/\/marazul.com.pa\/en\/privacy-policy\/","url":"https:\/\/marazul.com.pa\/en\/privacy-policy\/","name":"privacy policy - Mar Azul | Project Management","isPartOf":{"@id":"https:\/\/marazul.com.pa\/en\/#website"},"datePublished":"2020-08-01T14:00:08+00:00","dateModified":"2020-09-26T15:02:22+00:00","description":"Somos una firma de consultor\u00eda especializada en gerencia e interventor\u00eda de proyectos de construcci\u00f3n.","breadcrumb":{"@id":"https:\/\/marazul.com.pa\/en\/privacy-policy\/#breadcrumb"},"inLanguage":"en-US","potentialAction":[{"@type":"ReadAction","target":["https:\/\/marazul.com.pa\/en\/privacy-policy\/"]}]},{"@type":"BreadcrumbList","@id":"https:\/\/marazul.com.pa\/en\/privacy-policy\/#breadcrumb","itemListElement":[{"@type":"ListItem","position":1,"name":"Portada","item":"https:\/\/marazul.com.pa\/en\/"},{"@type":"ListItem","position":2,"name":"privacy policy"}]},{"@type":"WebSite","@id":"https:\/\/marazul.com.pa\/en\/#website","url":"https:\/\/marazul.com.pa\/en\/","name":"Mar Azul | Project Management","description":"Consultor\u00eda especializada en gerencia e interventor\u00eda de proyectos de construcci\u00f3n.","publisher":{"@id":"https:\/\/marazul.com.pa\/en\/#organization"},"potentialAction":[{"@type":"SearchAction","target":{"@type":"EntryPoint","urlTemplate":"https:\/\/marazul.com.pa\/en\/?s={search_term_string}"},"query-input":{"@type":"PropertyValueSpecification","valueRequired":true,"valueName":"search_term_string"}}],"inLanguage":"en-US"},{"@type":"Organization","@id":"https:\/\/marazul.com.pa\/en\/#organization","name":"Mar Azul","url":"https:\/\/marazul.com.pa\/en\/","logo":{"@type":"ImageObject","inLanguage":"en-US","@id":"https:\/\/marazul.com.pa\/en\/#\/schema\/logo\/image\/","url":"","contentUrl":"","caption":"Mar Azul"},"image":{"@id":"https:\/\/marazul.com.pa\/en\/#\/schema\/logo\/image\/"},"sameAs":["https:\/\/www.facebook.com\/ProyectosMarazul\/","https:\/\/www.instagram.com\/marazulpm\/","https:\/\/www.linkedin.com\/company\/proyectos-mar-azul-s-a-\/"]}]}},"_links":{"self":[{"href":"https:\/\/marazul.com.pa\/en\/wp-json\/wp\/v2\/pages\/7067","targetHints":{"allow":["GET"]}}],"collection":[{"href":"https:\/\/marazul.com.pa\/en\/wp-json\/wp\/v2\/pages"}],"about":[{"href":"https:\/\/marazul.com.pa\/en\/wp-json\/wp\/v2\/types\/page"}],"author":[{"embeddable":true,"href":"https:\/\/marazul.com.pa\/en\/wp-json\/wp\/v2\/users\/11"}],"replies":[{"embeddable":true,"href":"https:\/\/marazul.com.pa\/en\/wp-json\/wp\/v2\/comments?post=7067"}],"version-history":[{"count":0,"href":"https:\/\/marazul.com.pa\/en\/wp-json\/wp\/v2\/pages\/7067\/revisions"}],"wp:attachment":[{"href":"https:\/\/marazul.com.pa\/en\/wp-json\/wp\/v2\/media?parent=7067"}],"curies":[{"name":"wp","href":"https:\/\/api.w.org\/{rel}","templated":true}]}}